{"id":46,"date":"2023-02-26T19:58:17","date_gmt":"2023-02-26T18:58:17","guid":{"rendered":"https:\/\/www.solsyran.se\/wp\/?page_id=46"},"modified":"2023-03-04T14:05:00","modified_gmt":"2023-03-04T13:05:00","slug":"gronsaksodling","status":"publish","type":"page","link":"https:\/\/www.solsyran.se\/wp\/gronsaksodling\/","title":{"rendered":"<strong>Gr\u00f6nsaksodling<\/strong>"},"content":{"rendered":"\n<p class=\"has-medium-font-size\"><strong>Solsyran<\/strong> har ett brett sortiment av gr\u00f6nsaker, det finns \u00e4ven b\u00e4r och en del frukter. <strong>Biodiversiteten<\/strong> \u00e4r viktig, vilket inneb\u00e4r en m\u00e5ngfald av arter, att gynna mikrolivet i jorden och ge m\u00f6jlighet f\u00f6r en m\u00e5ngfald av ekosystem. <\/p>\n\n\n\n<figure class=\"wp-block-gallery has-nested-images columns-default is-cropped wp-block-gallery-1 is-layout-flex wp-block-gallery-is-layout-flex\">\n<figure class=\"wp-block-image size-large\"><img loading=\"lazy\" decoding=\"async\" width=\"683\" height=\"1024\" data-id=\"241\" src=\"https:\/\/www.solsyran.se\/wp\/wp-content\/uploads\/2023\/03\/UNADJUSTEDNONRAW_thumb_186d-2-683x1024.jpg\" alt=\"\" class=\"wp-image-241\" srcset=\"https:\/\/www.solsyran.se\/wp\/wp-content\/uploads\/2023\/03\/UNADJUSTEDNONRAW_thumb_186d-2-683x1024.jpg 683w, https:\/\/www.solsyran.se\/wp\/wp-content\/uploads\/2023\/03\/UNADJUSTEDNONRAW_thumb_186d-2-200x300.jpg 200w, https:\/\/www.solsyran.se\/wp\/wp-content\/uploads\/2023\/03\/UNADJUSTEDNONRAW_thumb_186d-2-624x936.jpg 624w, https:\/\/www.solsyran.se\/wp\/wp-content\/uploads\/2023\/03\/UNADJUSTEDNONRAW_thumb_186d-2.jpg 724w\" sizes=\"auto, (max-width: 683px) 100vw, 683px\" \/><\/figure>\n\n\n\n<figure class=\"wp-block-image size-large\"><img loading=\"lazy\" decoding=\"async\" width=\"768\" height=\"1024\" data-id=\"242\" src=\"https:\/\/www.solsyran.se\/wp\/wp-content\/uploads\/2023\/03\/Krikontrad-i-blom.-1.jpg\" alt=\"\" class=\"wp-image-242\" srcset=\"https:\/\/www.solsyran.se\/wp\/wp-content\/uploads\/2023\/03\/Krikontrad-i-blom.-1.jpg 768w, https:\/\/www.solsyran.se\/wp\/wp-content\/uploads\/2023\/03\/Krikontrad-i-blom.-1-225x300.jpg 225w, https:\/\/www.solsyran.se\/wp\/wp-content\/uploads\/2023\/03\/Krikontrad-i-blom.-1-624x832.jpg 624w\" sizes=\"auto, (max-width: 768px) 100vw, 768px\" \/><\/figure>\n\n\n\n<figure class=\"wp-block-image size-large\"><img loading=\"lazy\" decoding=\"async\" width=\"768\" height=\"1024\" data-id=\"234\" src=\"https:\/\/www.solsyran.se\/wp\/wp-content\/uploads\/2023\/03\/UNADJUSTEDNONRAW_thumb_2051.jpg\" alt=\"\" class=\"wp-image-234\" srcset=\"https:\/\/www.solsyran.se\/wp\/wp-content\/uploads\/2023\/03\/UNADJUSTEDNONRAW_thumb_2051.jpg 768w, https:\/\/www.solsyran.se\/wp\/wp-content\/uploads\/2023\/03\/UNADJUSTEDNONRAW_thumb_2051-225x300.jpg 225w, https:\/\/www.solsyran.se\/wp\/wp-content\/uploads\/2023\/03\/UNADJUSTEDNONRAW_thumb_2051-624x832.jpg 624w\" sizes=\"auto, (max-width: 768px) 100vw, 768px\" \/><\/figure>\n\n\n\n<figure class=\"wp-block-image size-full\"><img loading=\"lazy\" decoding=\"async\" width=\"768\" height=\"1024\" data-id=\"204\" src=\"https:\/\/www.solsyran.se\/wp\/wp-content\/uploads\/2023\/03\/UNADJUSTEDNONRAW_thumb_194c.jpg\" alt=\"\" class=\"wp-image-204\" srcset=\"https:\/\/www.solsyran.se\/wp\/wp-content\/uploads\/2023\/03\/UNADJUSTEDNONRAW_thumb_194c.jpg 768w, https:\/\/www.solsyran.se\/wp\/wp-content\/uploads\/2023\/03\/UNADJUSTEDNONRAW_thumb_194c-225x300.jpg 225w, https:\/\/www.solsyran.se\/wp\/wp-content\/uploads\/2023\/03\/UNADJUSTEDNONRAW_thumb_194c-624x832.jpg 624w\" sizes=\"auto, (max-width: 768px) 100vw, 768px\" \/><\/figure>\n\n\n\n<figure class=\"wp-block-image size-large\"><img loading=\"lazy\" decoding=\"async\" width=\"683\" height=\"1024\" data-id=\"237\" src=\"https:\/\/www.solsyran.se\/wp\/wp-content\/uploads\/2023\/03\/UNADJUSTEDNONRAW_thumb_2133-683x1024.jpg\" alt=\"\" class=\"wp-image-237\" srcset=\"https:\/\/www.solsyran.se\/wp\/wp-content\/uploads\/2023\/03\/UNADJUSTEDNONRAW_thumb_2133-683x1024.jpg 683w, https:\/\/www.solsyran.se\/wp\/wp-content\/uploads\/2023\/03\/UNADJUSTEDNONRAW_thumb_2133-200x300.jpg 200w, https:\/\/www.solsyran.se\/wp\/wp-content\/uploads\/2023\/03\/UNADJUSTEDNONRAW_thumb_2133-624x936.jpg 624w, https:\/\/www.solsyran.se\/wp\/wp-content\/uploads\/2023\/03\/UNADJUSTEDNONRAW_thumb_2133.jpg 724w\" sizes=\"auto, (max-width: 683px) 100vw, 683px\" \/><\/figure>\n\n\n\n<figure class=\"wp-block-image size-full\"><img loading=\"lazy\" decoding=\"async\" width=\"768\" height=\"1024\" data-id=\"248\" src=\"https:\/\/www.solsyran.se\/wp\/wp-content\/uploads\/2023\/03\/UNADJUSTEDNONRAW_thumb_208a-1.jpg\" alt=\"\" class=\"wp-image-248\" srcset=\"https:\/\/www.solsyran.se\/wp\/wp-content\/uploads\/2023\/03\/UNADJUSTEDNONRAW_thumb_208a-1.jpg 768w, https:\/\/www.solsyran.se\/wp\/wp-content\/uploads\/2023\/03\/UNADJUSTEDNONRAW_thumb_208a-1-225x300.jpg 225w, https:\/\/www.solsyran.se\/wp\/wp-content\/uploads\/2023\/03\/UNADJUSTEDNONRAW_thumb_208a-1-624x832.jpg 624w\" sizes=\"auto, (max-width: 768px) 100vw, 768px\" \/><\/figure>\n\n\n\n<figure class=\"wp-block-image size-large\"><img loading=\"lazy\" decoding=\"async\" width=\"1024\" height=\"683\" data-id=\"250\" src=\"https:\/\/www.solsyran.se\/wp\/wp-content\/uploads\/2023\/03\/UNADJUSTEDNONRAW_thumb_10c6-1-1024x683.jpg\" alt=\"\" class=\"wp-image-250\" srcset=\"https:\/\/www.solsyran.se\/wp\/wp-content\/uploads\/2023\/03\/UNADJUSTEDNONRAW_thumb_10c6-1-1024x683.jpg 1024w, https:\/\/www.solsyran.se\/wp\/wp-content\/uploads\/2023\/03\/UNADJUSTEDNONRAW_thumb_10c6-1-300x200.jpg 300w, https:\/\/www.solsyran.se\/wp\/wp-content\/uploads\/2023\/03\/UNADJUSTEDNONRAW_thumb_10c6-1-768x512.jpg 768w, https:\/\/www.solsyran.se\/wp\/wp-content\/uploads\/2023\/03\/UNADJUSTEDNONRAW_thumb_10c6-1-624x416.jpg 624w, https:\/\/www.solsyran.se\/wp\/wp-content\/uploads\/2023\/03\/UNADJUSTEDNONRAW_thumb_10c6-1.jpg 1086w\" sizes=\"auto, (max-width: 1024px) 100vw, 1024px\" \/><\/figure>\n\n\n\n<figure class=\"wp-block-image size-large\"><img loading=\"lazy\" decoding=\"async\" width=\"1024\" height=\"683\" data-id=\"188\" src=\"https:\/\/www.solsyran.se\/wp\/wp-content\/uploads\/2023\/03\/Blabarstry.-1024x683.jpg\" alt=\"\" class=\"wp-image-188\" srcset=\"https:\/\/www.solsyran.se\/wp\/wp-content\/uploads\/2023\/03\/Blabarstry.-1024x683.jpg 1024w, https:\/\/www.solsyran.se\/wp\/wp-content\/uploads\/2023\/03\/Blabarstry.-300x200.jpg 300w, https:\/\/www.solsyran.se\/wp\/wp-content\/uploads\/2023\/03\/Blabarstry.-768x512.jpg 768w, https:\/\/www.solsyran.se\/wp\/wp-content\/uploads\/2023\/03\/Blabarstry.-624x416.jpg 624w, https:\/\/www.solsyran.se\/wp\/wp-content\/uploads\/2023\/03\/Blabarstry..jpg 1086w\" sizes=\"auto, (max-width: 1024px) 100vw, 1024px\" \/><\/figure>\n\n\n\n<figure class=\"wp-block-image size-large\"><img loading=\"lazy\" decoding=\"async\" width=\"1024\" height=\"683\" data-id=\"252\" src=\"https:\/\/www.solsyran.se\/wp\/wp-content\/uploads\/2023\/03\/UNADJUSTEDNONRAW_thumb_131d-1-1024x683.jpg\" alt=\"\" class=\"wp-image-252\" srcset=\"https:\/\/www.solsyran.se\/wp\/wp-content\/uploads\/2023\/03\/UNADJUSTEDNONRAW_thumb_131d-1-1024x683.jpg 1024w, https:\/\/www.solsyran.se\/wp\/wp-content\/uploads\/2023\/03\/UNADJUSTEDNONRAW_thumb_131d-1-300x200.jpg 300w, https:\/\/www.solsyran.se\/wp\/wp-content\/uploads\/2023\/03\/UNADJUSTEDNONRAW_thumb_131d-1-768x512.jpg 768w, https:\/\/www.solsyran.se\/wp\/wp-content\/uploads\/2023\/03\/UNADJUSTEDNONRAW_thumb_131d-1-624x416.jpg 624w, https:\/\/www.solsyran.se\/wp\/wp-content\/uploads\/2023\/03\/UNADJUSTEDNONRAW_thumb_131d-1.jpg 1086w\" sizes=\"auto, (max-width: 1024px) 100vw, 1024px\" \/><\/figure>\n<\/figure>\n","protected":false},"excerpt":{"rendered":"<p>Solsyran har ett brett sortiment av gr\u00f6nsaker, det finns \u00e4ven b\u00e4r och en del frukter. Biodiversiteten \u00e4r viktig, vilket inneb\u00e4r en m\u00e5ngfald av arter, att gynna mikrolivet i jorden och ge m\u00f6jlighet f\u00f6r en m\u00e5ngfald av ekosystem.<\/p>\n","protected":false},"author":3,"featured_media":0,"parent":0,"menu_order":0,"comment_status":"closed","ping_status":"closed","template":"","meta":{"footnotes":""},"class_list":["post-46","page","type-page","status-publish","hentry"],"_links":{"self":[{"href":"https:\/\/www.solsyran.se\/wp\/wp-json\/wp\/v2\/pages\/46","targetHints":{"allow":["GET"]}}],"collection":[{"href":"https:\/\/www.solsyran.se\/wp\/wp-json\/wp\/v2\/pages"}],"about":[{"href":"https:\/\/www.solsyran.se\/wp\/wp-json\/wp\/v2\/types\/page"}],"author":[{"embeddable":true,"href":"https:\/\/www.solsyran.se\/wp\/wp-json\/wp\/v2\/users\/3"}],"replies":[{"embeddable":true,"href":"https:\/\/www.solsyran.se\/wp\/wp-json\/wp\/v2\/comments?post=46"}],"version-history":[{"count":16,"href":"https:\/\/www.solsyran.se\/wp\/wp-json\/wp\/v2\/pages\/46\/revisions"}],"predecessor-version":[{"id":277,"href":"https:\/\/www.solsyran.se\/wp\/wp-json\/wp\/v2\/pages\/46\/revisions\/277"}],"wp:attachment":[{"href":"https:\/\/www.solsyran.se\/wp\/wp-json\/wp\/v2\/media?parent=46"}],"curies":[{"name":"wp","href":"https:\/\/api.w.org\/{rel}","templated":true}]}}